{"id":2,"date":"2016-11-25T05:30:58","date_gmt":"2016-11-25T05:30:58","guid":{"rendered":"http:\/\/www.fmnd.org.mx\/blog\/?page_id=2"},"modified":"2020-06-08T03:36:41","modified_gmt":"2020-06-08T03:36:41","slug":"acerca","status":"publish","type":"page","link":"https:\/\/www.fmnd.org.mx\/blog\/acerca\/","title":{"rendered":"Acerca"},"content":{"rendered":"<h3 class=\"lined margin-20\">Federaci\u00f3n Mexicana de Nutrici\u00f3n Deportiva<\/h3>\n<p>Somos un grupo de Asociaciones conformadas por Licenciados en Nutrici\u00f3n con especializaci\u00f3n en Nutrici\u00f3n Deportiva.<\/p>\n<h3 class=\"lined margin-20\">\u00bfCual es nuestro objetivo?<\/h3>\n<p>La FMND busca (1) profesionalizar la Ciencia de la Nutrici\u00f3n Deportiva en nuestro pa\u00eds logrando que los nutri\u00f3logos en el \u00e1mbito del deporte est\u00e9n bien capacitados y actualizados, basados en la ciencia y no \u00fanicamente en la experiencia; y (2) promover la actividad f\u00edsica como parte de un estilo de vida para la poblaci\u00f3n mexicana.<\/p>\n<p><img decoding=\"async\" class=\"m-left alignleft\" src=\"http:\/\/www.fmnd.org.mx\/img\/imagotipo.png\" alt=\"\" \/><\/p>\n<ul class=\"b-list iconok\">\n<li>(1)que los nutri\u00f3logos en el \u00e1mbito del deporte est\u00e9n bien capacitados y actualizados, basados en la ciencia y no s\u00f3lo en la experiencia; y<\/li>\n<li>(2)que los atletas mexicanos cuenten con el apoyo de especialistas en nutrici\u00f3n deportiva bien preparados.<\/li>\n<\/ul>\n","protected":false},"excerpt":{"rendered":"<p>Federaci\u00f3n Mexicana de Nutrici\u00f3n Deportiva Somos un grupo de Asociaciones conformadas por Licenciados en Nutrici\u00f3n con especializaci\u00f3n en Nutrici\u00f3n Deportiva. \u00bfCual es nuestro objetivo? La FMND busca (1) profesionalizar la Ciencia de la Nutrici\u00f3n Deportiva en nuestro pa\u00eds logrando que los nutri\u00f3logos en el \u00e1mbito del deporte est\u00e9n bien capacitados y actualizados, basados en la ciencia y no \u00fanicamente en la experiencia; y (2) promover la actividad f\u00edsica como parte de un estilo de vida para la poblaci\u00f3n mexicana. (1)que los nutri\u00f3logos en el \u00e1mbito del deporte est\u00e9n bien capacitados y actualizados, basados en la ciencia y no s\u00f3lo en la experiencia; y (2)que los atletas mexicanos cuenten con el apoyo de especialistas en nutrici\u00f3n deportiva bien preparados.<\/p>\n","protected":false},"author":1,"featured_media":0,"parent":0,"menu_order":0,"comment_status":"open","ping_status":"open","template":"","meta":{"footnotes":""},"class_list":["post-2","page","type-page","status-publish","hentry"],"_links":{"self":[{"href":"https:\/\/www.fmnd.org.mx\/blog\/wp-json\/wp\/v2\/pages\/2","targetHints":{"allow":["GET"]}}],"collection":[{"href":"https:\/\/www.fmnd.org.mx\/blog\/wp-json\/wp\/v2\/pages"}],"about":[{"href":"https:\/\/www.fmnd.org.mx\/blog\/wp-json\/wp\/v2\/types\/page"}],"author":[{"embeddable":true,"href":"https:\/\/www.fmnd.org.mx\/blog\/wp-json\/wp\/v2\/users\/1"}],"replies":[{"embeddable":true,"href":"https:\/\/www.fmnd.org.mx\/blog\/wp-json\/wp\/v2\/comments?post=2"}],"version-history":[{"count":3,"href":"https:\/\/www.fmnd.org.mx\/blog\/wp-json\/wp\/v2\/pages\/2\/revisions"}],"predecessor-version":[{"id":11,"href":"https:\/\/www.fmnd.org.mx\/blog\/wp-json\/wp\/v2\/pages\/2\/revisions\/11"}],"wp:attachment":[{"href":"https:\/\/www.fmnd.org.mx\/blog\/wp-json\/wp\/v2\/media?parent=2"}],"curies":[{"name":"wp","href":"https:\/\/api.w.org\/{rel}","templated":true}]}}